{"id":662,"date":"2022-02-01T20:03:09","date_gmt":"2022-02-01T17:03:09","guid":{"rendered":"http:\/\/uix.com.tr\/contact"},"modified":"2022-02-01T20:27:42","modified_gmt":"2022-02-01T17:27:42","slug":"contact","status":"publish","type":"page","link":"https:\/\/uix.com.tr\/en\/contact","title":{"rendered":"CONTACT"},"content":{"rendered":"","protected":false},"excerpt":{"rendered":"","protected":false},"author":2,"featured_media":0,"parent":0,"menu_order":11,"comment_status":"closed","ping_status":"closed","template":"page-contact.php","meta":{"footnotes":""},"class_list":["post-662","page","type-page","status-publish","hentry"],"acf":[],"yoast_head":"<!-- This site is optimized with the Yoast SEO plugin v27.5 - https:\/\/yoast.com\/product\/yoast-seo-wordpress\/ -->\n<title>CONTACT - UIX | Y\u0131lmaz Satt\u0131 UI UX Designer<\/title>\n<meta name=\"description\" content=\"contact yilmaz sold- Y\u0131lmaz Satt\u0131 Email- Y\u0131lmaz Satt\u0131 Phone. Uix Communication-skype- Whatsapp- Behance Yilmaz sold\" \/>\n<meta name=\"robots\" content=\"index, follow, max-snippet:-1, max-image-preview:large, max-video-preview:-1\" \/>\n<link rel=\"canonical\" href=\"https:\/\/uix.com.tr\/en\/contact\" \/>\n<meta property=\"og:locale\" content=\"en_US\" \/>\n<meta property=\"og:type\" content=\"article\" \/>\n<meta property=\"og:title\" content=\"CONTACT - UIX | Y\u0131lmaz Satt\u0131 UI UX Designer\" \/>\n<meta property=\"og:description\" content=\"contact yilmaz sold- Y\u0131lmaz Satt\u0131 Email- Y\u0131lmaz Satt\u0131 Phone. Uix Communication-skype- Whatsapp- Behance Yilmaz sold\" \/>\n<meta property=\"og:url\" content=\"https:\/\/uix.com.tr\/en\/contact\" \/>\n<meta property=\"og:site_name\" content=\"UIX | Y\u0131lmaz Satt\u0131 UI UX Designer\" \/>\n<meta property=\"article:modified_time\" content=\"2022-02-01T17:27:42+00:00\" \/>\n<meta name=\"twitter:card\" content=\"summary_large_image\" \/>\n<meta name=\"twitter:site\" content=\"@yilmazsatti\" \/>\n<script type=\"application\/ld+json\" class=\"yoast-schema-graph\">{\"@context\":\"https:\\\/\\\/schema.org\",\"@graph\":[{\"@type\":\"WebPage\",\"@id\":\"https:\\\/\\\/uix.com.tr\\\/en\\\/contact\",\"url\":\"https:\\\/\\\/uix.com.tr\\\/en\\\/contact\",\"name\":\"CONTACT - UIX | Y\u0131lmaz Satt\u0131 UI UX Designer\",\"isPartOf\":{\"@id\":\"https:\\\/\\\/uix.com.tr\\\/#website\"},\"datePublished\":\"2022-02-01T17:03:09+00:00\",\"dateModified\":\"2022-02-01T17:27:42+00:00\",\"description\":\"contact yilmaz sold- Y\u0131lmaz Satt\u0131 Email- Y\u0131lmaz Satt\u0131 Phone. Uix Communication-skype- Whatsapp- Behance Yilmaz sold\",\"breadcrumb\":{\"@id\":\"https:\\\/\\\/uix.com.tr\\\/en\\\/contact#breadcrumb\"},\"inLanguage\":\"en-US\",\"potentialAction\":[{\"@type\":\"ReadAction\",\"target\":[\"https:\\\/\\\/uix.com.tr\\\/en\\\/contact\"]}]},{\"@type\":\"BreadcrumbList\",\"@id\":\"https:\\\/\\\/uix.com.tr\\\/en\\\/contact#breadcrumb\",\"itemListElement\":[{\"@type\":\"ListItem\",\"position\":1,\"name\":\"Anasayfa\",\"item\":\"https:\\\/\\\/uix.com.tr\\\/\"},{\"@type\":\"ListItem\",\"position\":2,\"name\":\"CONTACT\"}]},{\"@type\":\"WebSite\",\"@id\":\"https:\\\/\\\/uix.com.tr\\\/#website\",\"url\":\"https:\\\/\\\/uix.com.tr\\\/\",\"name\":\"UIX | Y\u0131lmaz Satt\u0131 Freelance UI UX Designer\",\"description\":\"\",\"publisher\":{\"@id\":\"https:\\\/\\\/uix.com.tr\\\/#organization\"},\"potentialAction\":[{\"@type\":\"SearchAction\",\"target\":{\"@type\":\"EntryPoint\",\"urlTemplate\":\"https:\\\/\\\/uix.com.tr\\\/?s={search_term_string}\"},\"query-input\":{\"@type\":\"PropertyValueSpecification\",\"valueRequired\":true,\"valueName\":\"search_term_string\"}}],\"inLanguage\":\"en-US\"},{\"@type\":\"Organization\",\"@id\":\"https:\\\/\\\/uix.com.tr\\\/#organization\",\"name\":\"UIX\",\"url\":\"https:\\\/\\\/uix.com.tr\\\/\",\"logo\":{\"@type\":\"ImageObject\",\"inLanguage\":\"en-US\",\"@id\":\"https:\\\/\\\/uix.com.tr\\\/#\\\/schema\\\/logo\\\/image\\\/\",\"url\":\"https:\\\/\\\/uix.com.tr\\\/wp-content\\\/uploads\\\/2022\\\/01\\\/logo.svg\",\"contentUrl\":\"https:\\\/\\\/uix.com.tr\\\/wp-content\\\/uploads\\\/2022\\\/01\\\/logo.svg\",\"width\":101,\"height\":73,\"caption\":\"UIX\"},\"image\":{\"@id\":\"https:\\\/\\\/uix.com.tr\\\/#\\\/schema\\\/logo\\\/image\\\/\"},\"sameAs\":[\"https:\\\/\\\/x.com\\\/yilmazsatti\",\"https:\\\/\\\/www.linkedin.com\\\/in\\\/yilmazsatti\\\/\",\"https:\\\/\\\/tr.pinterest.com\\\/uixcomtr\\\/\"]}]}<\/script>\n<!-- \/ Yoast SEO plugin. -->","yoast_head_json":{"title":"CONTACT - UIX | Y\u0131lmaz Satt\u0131 UI UX Designer","description":"contact yilmaz sold- Y\u0131lmaz Satt\u0131 Email- Y\u0131lmaz Satt\u0131 Phone. Uix Communication-skype- Whatsapp- Behance Yilmaz sold","robots":{"index":"index","follow":"follow","max-snippet":"max-snippet:-1","max-image-preview":"max-image-preview:large","max-video-preview":"max-video-preview:-1"},"canonical":"https:\/\/uix.com.tr\/en\/contact","og_locale":"en_US","og_type":"article","og_title":"CONTACT - UIX | Y\u0131lmaz Satt\u0131 UI UX Designer","og_description":"contact yilmaz sold- Y\u0131lmaz Satt\u0131 Email- Y\u0131lmaz Satt\u0131 Phone. Uix Communication-skype- Whatsapp- Behance Yilmaz sold","og_url":"https:\/\/uix.com.tr\/en\/contact","og_site_name":"UIX | Y\u0131lmaz Satt\u0131 UI UX Designer","article_modified_time":"2022-02-01T17:27:42+00:00","twitter_card":"summary_large_image","twitter_site":"@yilmazsatti","schema":{"@context":"https:\/\/schema.org","@graph":[{"@type":"WebPage","@id":"https:\/\/uix.com.tr\/en\/contact","url":"https:\/\/uix.com.tr\/en\/contact","name":"CONTACT - UIX | Y\u0131lmaz Satt\u0131 UI UX Designer","isPartOf":{"@id":"https:\/\/uix.com.tr\/#website"},"datePublished":"2022-02-01T17:03:09+00:00","dateModified":"2022-02-01T17:27:42+00:00","description":"contact yilmaz sold- Y\u0131lmaz Satt\u0131 Email- Y\u0131lmaz Satt\u0131 Phone. Uix Communication-skype- Whatsapp- Behance Yilmaz sold","breadcrumb":{"@id":"https:\/\/uix.com.tr\/en\/contact#breadcrumb"},"inLanguage":"en-US","potentialAction":[{"@type":"ReadAction","target":["https:\/\/uix.com.tr\/en\/contact"]}]},{"@type":"BreadcrumbList","@id":"https:\/\/uix.com.tr\/en\/contact#breadcrumb","itemListElement":[{"@type":"ListItem","position":1,"name":"Anasayfa","item":"https:\/\/uix.com.tr\/"},{"@type":"ListItem","position":2,"name":"CONTACT"}]},{"@type":"WebSite","@id":"https:\/\/uix.com.tr\/#website","url":"https:\/\/uix.com.tr\/","name":"UIX | Y\u0131lmaz Satt\u0131 Freelance UI UX Designer","description":"","publisher":{"@id":"https:\/\/uix.com.tr\/#organization"},"potentialAction":[{"@type":"SearchAction","target":{"@type":"EntryPoint","urlTemplate":"https:\/\/uix.com.tr\/?s={search_term_string}"},"query-input":{"@type":"PropertyValueSpecification","valueRequired":true,"valueName":"search_term_string"}}],"inLanguage":"en-US"},{"@type":"Organization","@id":"https:\/\/uix.com.tr\/#organization","name":"UIX","url":"https:\/\/uix.com.tr\/","logo":{"@type":"ImageObject","inLanguage":"en-US","@id":"https:\/\/uix.com.tr\/#\/schema\/logo\/image\/","url":"https:\/\/uix.com.tr\/wp-content\/uploads\/2022\/01\/logo.svg","contentUrl":"https:\/\/uix.com.tr\/wp-content\/uploads\/2022\/01\/logo.svg","width":101,"height":73,"caption":"UIX"},"image":{"@id":"https:\/\/uix.com.tr\/#\/schema\/logo\/image\/"},"sameAs":["https:\/\/x.com\/yilmazsatti","https:\/\/www.linkedin.com\/in\/yilmazsatti\/","https:\/\/tr.pinterest.com\/uixcomtr\/"]}]}},"_links":{"self":[{"href":"https:\/\/uix.com.tr\/en\/wp-json\/wp\/v2\/pages\/662","targetHints":{"allow":["GET"]}}],"collection":[{"href":"https:\/\/uix.com.tr\/en\/wp-json\/wp\/v2\/pages"}],"about":[{"href":"https:\/\/uix.com.tr\/en\/wp-json\/wp\/v2\/types\/page"}],"author":[{"embeddable":true,"href":"https:\/\/uix.com.tr\/en\/wp-json\/wp\/v2\/users\/2"}],"replies":[{"embeddable":true,"href":"https:\/\/uix.com.tr\/en\/wp-json\/wp\/v2\/comments?post=662"}],"version-history":[{"count":0,"href":"https:\/\/uix.com.tr\/en\/wp-json\/wp\/v2\/pages\/662\/revisions"}],"wp:attachment":[{"href":"https:\/\/uix.com.tr\/en\/wp-json\/wp\/v2\/media?parent=662"}],"curies":[{"name":"wp","href":"https:\/\/api.w.org\/{rel}","templated":true}]}}